{"id":57,"date":"2021-12-05T17:31:06","date_gmt":"2021-12-05T20:31:06","guid":{"rendered":"https:\/\/jornadayu.com\/que-hacemos\/"},"modified":"2022-04-20T14:09:37","modified_gmt":"2022-04-20T17:09:37","slug":"que-hacemos","status":"publish","type":"page","link":"https:\/\/jornadayu.com\/es\/que-hacemos\/","title":{"rendered":"Que hacemos"},"content":{"rendered":"","protected":false},"excerpt":{"rendered":"","protected":false},"author":1,"featured_media":0,"parent":0,"menu_order":0,"comment_status":"closed","ping_status":"closed","template":"tpl-servicos.php","meta":[],"acf":[],"yoast_head":"<!-- This site is optimized with the Yoast SEO plugin v18.3 - https:\/\/yoast.com\/wordpress\/plugins\/seo\/ -->\n<title>Que hacemos | YU<\/title>\n<meta name=\"robots\" content=\"index, follow, max-snippet:-1, max-image-preview:large, max-video-preview:-1\" \/>\n<link rel=\"canonical\" href=\"https:\/\/jornadayu.com\/es\/que-hacemos\/\" \/>\n<meta property=\"og:locale\" content=\"es_ES\" \/>\n<meta property=\"og:type\" content=\"article\" \/>\n<meta property=\"og:title\" content=\"Que hacemos | YU\" \/>\n<meta property=\"og:url\" content=\"https:\/\/jornadayu.com\/es\/que-hacemos\/\" \/>\n<meta property=\"og:site_name\" content=\"YU\" \/>\n<meta property=\"article:modified_time\" content=\"2022-04-20T17:09:37+00:00\" \/>\n<meta property=\"og:image\" content=\"https:\/\/jornadayu.com\/wp-content\/uploads\/2022\/03\/share-yu.png\" \/>\n\t<meta property=\"og:image:width\" content=\"1200\" \/>\n\t<meta property=\"og:image:height\" content=\"630\" \/>\n\t<meta property=\"og:image:type\" content=\"image\/png\" \/>\n<meta name=\"twitter:card\" content=\"summary_large_image\" \/>\n<script type=\"application\/ld+json\" class=\"yoast-schema-graph\">{\"@context\":\"https:\/\/schema.org\",\"@graph\":[{\"@type\":\"WebSite\",\"@id\":\"https:\/\/jornadayu.com\/#website\",\"url\":\"https:\/\/jornadayu.com\/\",\"name\":\"YU\",\"description\":\"Sele\u00e7\u00e3o para transforma\u00e7\u00e3o digital\",\"potentialAction\":[{\"@type\":\"SearchAction\",\"target\":{\"@type\":\"EntryPoint\",\"urlTemplate\":\"https:\/\/jornadayu.com\/?s={search_term_string}\"},\"query-input\":\"required name=search_term_string\"}],\"inLanguage\":\"es\"},{\"@type\":\"WebPage\",\"@id\":\"https:\/\/jornadayu.com\/es\/que-hacemos\/#webpage\",\"url\":\"https:\/\/jornadayu.com\/es\/que-hacemos\/\",\"name\":\"Que hacemos | YU\",\"isPartOf\":{\"@id\":\"https:\/\/jornadayu.com\/#website\"},\"datePublished\":\"2021-12-05T20:31:06+00:00\",\"dateModified\":\"2022-04-20T17:09:37+00:00\",\"breadcrumb\":{\"@id\":\"https:\/\/jornadayu.com\/es\/que-hacemos\/#breadcrumb\"},\"inLanguage\":\"es\",\"potentialAction\":[{\"@type\":\"ReadAction\",\"target\":[\"https:\/\/jornadayu.com\/es\/que-hacemos\/\"]}]},{\"@type\":\"BreadcrumbList\",\"@id\":\"https:\/\/jornadayu.com\/es\/que-hacemos\/#breadcrumb\",\"itemListElement\":[{\"@type\":\"ListItem\",\"position\":1,\"name\":\"Home\",\"item\":\"https:\/\/jornadayu.com\/\"},{\"@type\":\"ListItem\",\"position\":2,\"name\":\"Que hacemos\"}]}]}<\/script>\n<!-- \/ Yoast SEO plugin. -->","yoast_head_json":{"title":"Que hacemos | YU","robots":{"index":"index","follow":"follow","max-snippet":"max-snippet:-1","max-image-preview":"max-image-preview:large","max-video-preview":"max-video-preview:-1"},"canonical":"https:\/\/jornadayu.com\/es\/que-hacemos\/","og_locale":"es_ES","og_type":"article","og_title":"Que hacemos | YU","og_url":"https:\/\/jornadayu.com\/es\/que-hacemos\/","og_site_name":"YU","article_modified_time":"2022-04-20T17:09:37+00:00","og_image":[{"width":1200,"height":630,"url":"https:\/\/jornadayu.com\/wp-content\/uploads\/2022\/03\/share-yu.png","type":"image\/png"}],"twitter_card":"summary_large_image","schema":{"@context":"https:\/\/schema.org","@graph":[{"@type":"WebSite","@id":"https:\/\/jornadayu.com\/#website","url":"https:\/\/jornadayu.com\/","name":"YU","description":"Sele\u00e7\u00e3o para transforma\u00e7\u00e3o digital","potentialAction":[{"@type":"SearchAction","target":{"@type":"EntryPoint","urlTemplate":"https:\/\/jornadayu.com\/?s={search_term_string}"},"query-input":"required name=search_term_string"}],"inLanguage":"es"},{"@type":"WebPage","@id":"https:\/\/jornadayu.com\/es\/que-hacemos\/#webpage","url":"https:\/\/jornadayu.com\/es\/que-hacemos\/","name":"Que hacemos | YU","isPartOf":{"@id":"https:\/\/jornadayu.com\/#website"},"datePublished":"2021-12-05T20:31:06+00:00","dateModified":"2022-04-20T17:09:37+00:00","breadcrumb":{"@id":"https:\/\/jornadayu.com\/es\/que-hacemos\/#breadcrumb"},"inLanguage":"es","potentialAction":[{"@type":"ReadAction","target":["https:\/\/jornadayu.com\/es\/que-hacemos\/"]}]},{"@type":"BreadcrumbList","@id":"https:\/\/jornadayu.com\/es\/que-hacemos\/#breadcrumb","itemListElement":[{"@type":"ListItem","position":1,"name":"Home","item":"https:\/\/jornadayu.com\/"},{"@type":"ListItem","position":2,"name":"Que hacemos"}]}]}},"_links":{"self":[{"href":"https:\/\/jornadayu.com\/es\/wp-json\/wp\/v2\/pages\/57"}],"collection":[{"href":"https:\/\/jornadayu.com\/es\/wp-json\/wp\/v2\/pages"}],"about":[{"href":"https:\/\/jornadayu.com\/es\/wp-json\/wp\/v2\/types\/page"}],"author":[{"embeddable":true,"href":"https:\/\/jornadayu.com\/es\/wp-json\/wp\/v2\/users\/1"}],"replies":[{"embeddable":true,"href":"https:\/\/jornadayu.com\/es\/wp-json\/wp\/v2\/comments?post=57"}],"version-history":[{"count":0,"href":"https:\/\/jornadayu.com\/es\/wp-json\/wp\/v2\/pages\/57\/revisions"}],"wp:attachment":[{"href":"https:\/\/jornadayu.com\/es\/wp-json\/wp\/v2\/media?parent=57"}],"curies":[{"name":"wp","href":"https:\/\/api.w.org\/{rel}","templated":true}]}}