{"id":61,"date":"2021-12-08T15:21:06","date_gmt":"2021-12-08T18:21:06","guid":{"rendered":"https:\/\/jornadayu.com\/meet-yuri\/"},"modified":"2022-04-20T14:09:16","modified_gmt":"2022-04-20T17:09:16","slug":"meet-yuri","status":"publish","type":"page","link":"https:\/\/jornadayu.com\/en\/meet-yuri\/","title":{"rendered":"Meet yuri"},"content":{"rendered":"","protected":false},"excerpt":{"rendered":"","protected":false},"author":1,"featured_media":0,"parent":0,"menu_order":0,"comment_status":"closed","ping_status":"closed","template":"tpl-yuri.php","meta":[],"acf":[],"yoast_head":"<!-- This site is optimized with the Yoast SEO plugin v18.3 - https:\/\/yoast.com\/wordpress\/plugins\/seo\/ -->\n<title>Meet yuri | YU<\/title>\n<meta name=\"robots\" content=\"index, follow, max-snippet:-1, max-image-preview:large, max-video-preview:-1\" \/>\n<link rel=\"canonical\" href=\"https:\/\/jornadayu.com\/en\/meet-yuri\/\" \/>\n<meta property=\"og:locale\" content=\"en_US\" \/>\n<meta property=\"og:type\" content=\"article\" \/>\n<meta property=\"og:title\" content=\"Meet yuri | YU\" \/>\n<meta property=\"og:url\" content=\"https:\/\/jornadayu.com\/en\/meet-yuri\/\" \/>\n<meta property=\"og:site_name\" content=\"YU\" \/>\n<meta property=\"article:modified_time\" content=\"2022-04-20T17:09:16+00:00\" \/>\n<meta property=\"og:image\" content=\"https:\/\/jornadayu.com\/wp-content\/uploads\/2022\/03\/share-yu.png\" \/>\n\t<meta property=\"og:image:width\" content=\"1200\" \/>\n\t<meta property=\"og:image:height\" content=\"630\" \/>\n\t<meta property=\"og:image:type\" content=\"image\/png\" \/>\n<meta name=\"twitter:card\" content=\"summary_large_image\" \/>\n<script type=\"application\/ld+json\" class=\"yoast-schema-graph\">{\"@context\":\"https:\/\/schema.org\",\"@graph\":[{\"@type\":\"WebSite\",\"@id\":\"https:\/\/jornadayu.com\/#website\",\"url\":\"https:\/\/jornadayu.com\/\",\"name\":\"YU\",\"description\":\"Sele\u00e7\u00e3o para transforma\u00e7\u00e3o digital\",\"potentialAction\":[{\"@type\":\"SearchAction\",\"target\":{\"@type\":\"EntryPoint\",\"urlTemplate\":\"https:\/\/jornadayu.com\/?s={search_term_string}\"},\"query-input\":\"required name=search_term_string\"}],\"inLanguage\":\"en-US\"},{\"@type\":\"WebPage\",\"@id\":\"https:\/\/jornadayu.com\/en\/meet-yuri\/#webpage\",\"url\":\"https:\/\/jornadayu.com\/en\/meet-yuri\/\",\"name\":\"Meet yuri | YU\",\"isPartOf\":{\"@id\":\"https:\/\/jornadayu.com\/#website\"},\"datePublished\":\"2021-12-08T18:21:06+00:00\",\"dateModified\":\"2022-04-20T17:09:16+00:00\",\"breadcrumb\":{\"@id\":\"https:\/\/jornadayu.com\/en\/meet-yuri\/#breadcrumb\"},\"inLanguage\":\"en-US\",\"potentialAction\":[{\"@type\":\"ReadAction\",\"target\":[\"https:\/\/jornadayu.com\/en\/meet-yuri\/\"]}]},{\"@type\":\"BreadcrumbList\",\"@id\":\"https:\/\/jornadayu.com\/en\/meet-yuri\/#breadcrumb\",\"itemListElement\":[{\"@type\":\"ListItem\",\"position\":1,\"name\":\"Home\",\"item\":\"https:\/\/jornadayu.com\/\"},{\"@type\":\"ListItem\",\"position\":2,\"name\":\"Meet yuri\"}]}]}<\/script>\n<!-- \/ Yoast SEO plugin. -->","yoast_head_json":{"title":"Meet yuri | YU","robots":{"index":"index","follow":"follow","max-snippet":"max-snippet:-1","max-image-preview":"max-image-preview:large","max-video-preview":"max-video-preview:-1"},"canonical":"https:\/\/jornadayu.com\/en\/meet-yuri\/","og_locale":"en_US","og_type":"article","og_title":"Meet yuri | YU","og_url":"https:\/\/jornadayu.com\/en\/meet-yuri\/","og_site_name":"YU","article_modified_time":"2022-04-20T17:09:16+00:00","og_image":[{"width":1200,"height":630,"url":"https:\/\/jornadayu.com\/wp-content\/uploads\/2022\/03\/share-yu.png","type":"image\/png"}],"twitter_card":"summary_large_image","schema":{"@context":"https:\/\/schema.org","@graph":[{"@type":"WebSite","@id":"https:\/\/jornadayu.com\/#website","url":"https:\/\/jornadayu.com\/","name":"YU","description":"Sele\u00e7\u00e3o para transforma\u00e7\u00e3o digital","potentialAction":[{"@type":"SearchAction","target":{"@type":"EntryPoint","urlTemplate":"https:\/\/jornadayu.com\/?s={search_term_string}"},"query-input":"required name=search_term_string"}],"inLanguage":"en-US"},{"@type":"WebPage","@id":"https:\/\/jornadayu.com\/en\/meet-yuri\/#webpage","url":"https:\/\/jornadayu.com\/en\/meet-yuri\/","name":"Meet yuri | YU","isPartOf":{"@id":"https:\/\/jornadayu.com\/#website"},"datePublished":"2021-12-08T18:21:06+00:00","dateModified":"2022-04-20T17:09:16+00:00","breadcrumb":{"@id":"https:\/\/jornadayu.com\/en\/meet-yuri\/#breadcrumb"},"inLanguage":"en-US","potentialAction":[{"@type":"ReadAction","target":["https:\/\/jornadayu.com\/en\/meet-yuri\/"]}]},{"@type":"BreadcrumbList","@id":"https:\/\/jornadayu.com\/en\/meet-yuri\/#breadcrumb","itemListElement":[{"@type":"ListItem","position":1,"name":"Home","item":"https:\/\/jornadayu.com\/"},{"@type":"ListItem","position":2,"name":"Meet yuri"}]}]}},"_links":{"self":[{"href":"https:\/\/jornadayu.com\/en\/wp-json\/wp\/v2\/pages\/61"}],"collection":[{"href":"https:\/\/jornadayu.com\/en\/wp-json\/wp\/v2\/pages"}],"about":[{"href":"https:\/\/jornadayu.com\/en\/wp-json\/wp\/v2\/types\/page"}],"author":[{"embeddable":true,"href":"https:\/\/jornadayu.com\/en\/wp-json\/wp\/v2\/users\/1"}],"replies":[{"embeddable":true,"href":"https:\/\/jornadayu.com\/en\/wp-json\/wp\/v2\/comments?post=61"}],"version-history":[{"count":0,"href":"https:\/\/jornadayu.com\/en\/wp-json\/wp\/v2\/pages\/61\/revisions"}],"wp:attachment":[{"href":"https:\/\/jornadayu.com\/en\/wp-json\/wp\/v2\/media?parent=61"}],"curies":[{"name":"wp","href":"https:\/\/api.w.org\/{rel}","templated":true}]}}